{"id":76664,"date":"2026-02-06T11:34:51","date_gmt":"2026-02-06T11:34:51","guid":{"rendered":"https:\/\/seon.io\/es\/?page_id=76664"},"modified":"2026-02-06T11:34:52","modified_gmt":"2026-02-06T11:34:52","slug":"addenda-de-servicios-profesionales","status":"publish","type":"page","link":"https:\/\/seon.io\/es\/addenda-de-servicios-profesionales\/","title":{"rendered":"ADDENDA DE SERVICIOS PROFESIONALES"},"content":{"rendered":"\n<style>\n\/* Hierarchical numbering for nested ordered lists (1, 1.1, 1.1.1...) *\/\nol.wp-block-list {\n  counter-reset: item calc(var(--ol-start, 1) - 1);\n}\n\n\/* If the <ol> has a start attribute, use it *\/\nol.wp-block-list[start] {\n  --ol-start: attr(start number);\n}\n\nol.wp-block-list > li {\n  counter-increment: item;\n}\n\nol.wp-block-list > li::marker {\n  content: counters(item, \".\") \". \";\n}\n\n\/* Nested lists restart within their parent item *\/\nol.wp-block-list ol {\n  counter-reset: item;\n}\n\n<\/style>\n\n\n\n<div class=\"wp-block-group alignfull pattern-hero-simple has-hero-gradient-background has-background has-global-padding is-layout-constrained wp-container-core-group-is-layout-1cdc6c6a wp-block-group-is-layout-constrained\" style=\"margin-top:var(--wp--preset--spacing--0);margin-bottom:var(--wp--preset--spacing--0);padding-top:var(--wp--preset--spacing--hero-y-padding);padding-bottom:var(--wp--preset--spacing--hero-y-padding)\">\n<div class=\"wp-block-group has-global-padding is-layout-constrained wp-container-core-group-is-layout-a31aa551 wp-block-group-is-layout-constrained\">\n<h1 id=\"h-addenda-de-servicios-profesionales\" class=\"wp-block-heading has-text-align-center has-emphasized-color has-text-color has-link-color has-xxxx-large-big-font-size toc-heading wp-elements-a2822978c81a4b5261db0d3ecbb6d512\" style=\"margin-top:var(--wp--preset--spacing--0);margin-bottom:0;line-height:1.3\">ADDENDA DE SERVICIOS PROFESIONALES<\/h1>\n<\/div>\n<\/div>\n\n\n\n<div class=\"wp-block-group has-global-padding is-layout-constrained wp-block-group-is-layout-constrained\" style=\"margin-top:0;margin-bottom:0;padding-top:var(--wp--preset--spacing--container-y-padding);padding-bottom:var(--wp--preset--spacing--container-y-padding)\">\n<ol class=\"wp-block-list\">\n<li><strong>OBJETIVO Y APLICACI\u00d3N<\/strong>\n    \n  \n<ol class=\"wp-block-list\">\n<li>Este PSA forma parte de, y complementa las disposiciones del Acuerdo entre SEON y el Cliente, y regula la prestaci\u00f3n de servicios de implementaci\u00f3n, configuraci\u00f3n, integraci\u00f3n, personalizaci\u00f3n, capacitaci\u00f3n, consultor\u00eda u otros servicios t\u00e9cnicos o de asesor\u00eda (\u201c<strong>Servicios Profesionales<\/strong>\u201d) por parte de SEON al Cliente. Cualquier cuesti\u00f3n no regulada por este PSA se regir\u00e1 por las disposiciones del Acuerdo. Al firmar este PSA o hacer clic a trav\u00e9s del mecanismo de aceptaci\u00f3n implementado por SEON en seon.io, o al expresar su conformidad de otra manera, el Cliente acepta este PSA y este PSA se convierte en un compromiso vinculante entre el Cliente y SEON.<\/li>\n\n\n\n<li>Este PSA se incorpora al Acuerdo. Las interpretaciones y t\u00e9rminos definidos establecidos en el Acuerdo se aplican a la interpretaci\u00f3n de este PSA. Los t\u00e9rminos de este PSA son acumulativos con los establecidos en el Acuerdo y otros acuerdos auxiliares al mismo, y no est\u00e1n destinados ni deber\u00e1n interpretarse como una ampliaci\u00f3n de las obligaciones de ninguna de las partes ni como una limitaci\u00f3n de los derechos de ninguna de las partes respecto al objeto del mismo, salvo lo expresamente establecido en el presente con respecto a los Servicios Profesionales prestados por SEON al Cliente.<\/li>\n\n\n\n<li>A modo de aclaraci\u00f3n y no de limitaci\u00f3n, salvo que se acuerde expresamente lo contrario, los t\u00e9rminos y condiciones del Acuerdo entre las partes (ya sea un Acuerdo de Servicios de Suscripci\u00f3n firmado o los T\u00e9rminos y Condiciones de SEON), que rigen las condiciones de pago, plazo y terminaci\u00f3n, y confidencialidad, se aplican y rigen la prestaci\u00f3n de los Servicios Profesionales por parte de SEON en virtud del presente.<\/li>\n<\/ol>\n<\/li>\n\n\n\n<li><strong>SERVICIOS PROFESIONALES DE SEON<\/strong>\n    \n  \n<ol class=\"wp-block-list\">\n<li>SEON deber\u00e1 proporcionar al Cliente los Servicios Profesionales: (a) de conformidad con los t\u00e9rminos y sujeto a las condiciones establecidas en este Acuerdo y en un Formulario de Pedido u Orden de Trabajo (SOW) que establezca los servicios a proporcionar y los entregables correspondientes, ya sea en forma de asesoramiento, sistemas o procesos espec\u00edficos (\u201c<strong>Herramientas<\/strong>\u201d), o cualquier otro medio (colectivamente, los \u201c<strong>Entregables<\/strong>\u201d); (b) utilizando personal con las habilidades, experiencia, licencias y cualificaciones necesarias; (c) de manera oportuna, profesional y competente; (d) de acuerdo con los est\u00e1ndares generalmente reconocidos del sector; y (e) para la satisfacci\u00f3n razonable del Cliente.<\/li>\n\n\n\n<li>SEON realizar\u00e1 los Servicios Profesionales de conformidad con el Acuerdo de Tratamiento de Datos (DPA) de las partes y con las leyes y regulaciones de protecci\u00f3n de datos aplicables, seg\u00fan se indica en el Acuerdo.<\/li>\n<\/ol>\n<\/li>\n\n\n\n<li><strong>OBLIGACIONES DEL CLIENTE<\/strong>\n    \n  \n<ol class=\"wp-block-list\">\n<li>El Cliente deber\u00e1: (a) pagar las tarifas asociadas a los Servicios seg\u00fan se indique en el Formulario de Pedido o SOW aplicable; (b) cooperar con SEON en todos los asuntos relacionados con los Servicios; (c) proporcionar el acceso a los sistemas del Cliente que SEON pueda solicitar razonablemente para realizar los Servicios Profesionales; (d) responder puntualmente a cualquier solicitud de SEON para proporcionar instrucciones, informaci\u00f3n, aprobaciones, autorizaciones o decisiones que sean razonablemente necesarias para que SEON realice los Servicios Profesionales de conformidad con los requisitos del Acuerdo; (e) garantizar que todos los sistemas del Cliente est\u00e9n en buen estado de funcionamiento y sean adecuados para los fines para los cuales se utilizan en relaci\u00f3n con los Servicios Profesionales; y (f) obtener y mantener todas las licencias y consentimientos necesarios y cumplir con toda la legislaci\u00f3n aplicable en relaci\u00f3n con los Servicios Profesionales.<\/li>\n\n\n\n<li>Si el desempe\u00f1o de las obligaciones de SEON conforme a este PSA es impedido o retrasado por cualquier acto u omisi\u00f3n del Cliente o de sus agentes, subcontratistas, consultores o empleados, SEON no se considerar\u00e1 en incumplimiento de sus obligaciones conforme a este Acuerdo ni ser\u00e1 responsable por ning\u00fan costo, cargo o p\u00e9rdida sufrida o incurrida por el Cliente, en cada caso, en la medida en que surja directa o indirectamente de dicha prevenci\u00f3n o retraso.<\/li>\n<\/ol>\n<\/li>\n<\/ol>\n\n\n\n<p>El Cliente seguir\u00e1 siendo responsable de garantizar que cualquier dato proporcionado a SEON para el prop\u00f3sito de los Servicios Profesionales cumpla con el Acuerdo de Tratamiento de Datos de las partes y con todas las leyes y regulaciones de protecci\u00f3n de datos aplicables.<\/p>\n\n\n\n<ol start=\"4\" class=\"wp-block-list\">\n<li><strong>CONFIDENCIALIDAD<\/strong>\n    \n  \n<ol class=\"wp-block-list\">\n<li>Sin perjuicio de que la forma y el contenido de los Entregables en virtud de este PSA puedan ser distintos y de una naturaleza diferente a los Servicios prestados en virtud del Acuerdo de las partes, las obligaciones de confidencialidad del Acuerdo se aplican con la misma fuerza a los Entregables y a cualquier contenido incluido en ellos o derivado de los mismos.<\/li>\n<\/ol>\n<\/li>\n\n\n\n<li><strong>DERECHOS DE PROPIEDAD INTELECTUAL<\/strong>\n    \n  \n<ol class=\"wp-block-list\">\n<li>Las partes acuerdan que los Servicios Profesionales y los Entregables proporcionados en relaci\u00f3n con los mismos constituyen Informaci\u00f3n Confidencial conforme a los t\u00e9rminos del Acuerdo.<\/li>\n<\/ol>\n<\/li>\n\n\n\n<li><strong>LIMITACI\u00d3N DE GARANT\u00cdAS<\/strong>\n    \n  \n<ol class=\"wp-block-list\">\n<li>SALVO LO EXPRESAMENTE ESTABLECIDO EN ESTE PSA O EN EL ACUERDO, SEON NIEGA TODA GARANT\u00cdA, YA SEA EXPRESA, IMPL\u00cdCITA, ESTATUTARIA O DE OTRO TIPO EN VIRTUD DE ESTE ACUERDO Y, EN PARTICULAR, NIEGA TODA GARANT\u00cdA IMPL\u00cdCITA DE T\u00cdTULO Y NO INFRACCI\u00d3N RESPECTO A LOS SERVICIOS PROFESIONALES.<\/li>\n<\/ol>\n<\/li>\n\n\n\n<li><strong>INDEMNIZACI\u00d3N<\/strong>\n    \n  \n<ol class=\"wp-block-list\">\n<li>Cada parte deber\u00e1 indemnizar, defender y mantener indemne a la otra parte y a sus directores, empleados, agentes, afiliados, sucesores y cesionarios autorizados frente a cualquier p\u00e9rdida, da\u00f1o, responsabilidad, deficiencia, reclamaci\u00f3n, acci\u00f3n, sentencia, acuerdo, intereses, sanciones, multas, costos o gastos de cualquier tipo, incluidos los honorarios razonables de abogados (\u201cP\u00e9rdidas\u201d), relacionados con cualquier reclamaci\u00f3n de un tercero que surja o resulte de la negligencia, conducta dolosa o incumplimiento por parte de la parte indemnizadora con respecto a este PSA, incluyendo, entre otros, el incumplimiento de cualquier representaci\u00f3n o garant\u00eda hecha por la parte indemnizadora en este PSA.<\/li>\n<\/ol>\n<\/li>\n\n\n\n<li><strong>LIMITACI\u00d3N DE RESPONSABILIDAD<\/strong>\n    \n  \n<ol class=\"wp-block-list\">\n<li>EN NING\u00daN CASO NINGUNA DE LAS PARTES SER\u00c1 RESPONSABLE ANTE LA OTRA O ANTE TERCEROS POR P\u00c9RDIDA DE USO, INGRESOS, BENEFICIOS O DATOS, NI POR DA\u00d1OS CONSECUENCIALES, INCIDENTALES, INDIRECTOS, EJEMPLARES, ESPECIALES O PUNITIVOS QUE SURJAN POR INCUMPLIMIENTO DE CONTRATO, AGRAVIO (INCLUIDA NEGLIGENCIA) U OTRA CAUSA, RESULTANTES DE LA PRESTACI\u00d3N DE LOS SERVICIOS PROFESIONALES, INDEPENDIENTEMENTE DE QUE DICHOS DA\u00d1OS FUERAN PREVISIBLES O DE QUE SE HAYA ADVERTIDO A LA PARTE DE LA POSIBILIDAD DE TALES DA\u00d1OS.<\/li>\n<\/ol>\n<\/li>\n\n\n\n<li><strong>GOVERNING LAW AND JURISDICTION<\/strong>\n    \n  \n<ol class=\"wp-block-list\">\n<li>El PSA se rige por los t\u00e9rminos, condiciones y procesos especificados en el Acuerdo, incluidos los relativos al arbitraje vinculante, y las partes acuerdan resolver las disputas conforme a lo establecido en dicho Acuerdo.<\/li>\n<\/ol>\n<\/li>\n<\/ol>\n<\/div>\n","protected":false},"excerpt":{"rendered":"<p>ADDENDA DE SERVICIOS PROFESIONALES El Cliente seguir\u00e1 siendo responsable de garantizar que cualquier dato proporcionado a SEON para el prop\u00f3sito de los Servicios Profesionales cumpla con el Acuerdo de Tratamiento de Datos de las partes y con todas las leyes y regulaciones de protecci\u00f3n de datos aplicables.<\/p>\n","protected":false},"author":100,"featured_media":0,"parent":0,"menu_order":0,"comment_status":"closed","ping_status":"closed","template":"","meta":{"toc_cta_show":false,"toc_cta_title":"","toc_cta_link":"","toc_cta_new_tab":false,"hidePage":false,"rl_video":false,"rl_video_logo":"","rl_video_image":"","rl_featured_toggle":false,"rl_featured_text":"Featured","rl_featured_expiry":"","rl_custom_weight":0,"_trash_the_other_posts":false,"publishDate":"2026-02-05T12:27:15","showAuthor":false,"editor_notices":[],"footnotes":"","_links_to":"","_links_to_target":""},"class_list":["post-76664","page","type-page","status-publish","hentry"],"contents":[{"title":"ADDENDA DE SERVICIOS PROFESIONALES","href":"#h-addenda-de-servicios-profesionales","items":[]}],"yoast_head":"<!-- This site is optimized with the Yoast SEO Premium plugin v27.3 (Yoast SEO v27.3) - https:\/\/yoast.com\/product\/yoast-seo-premium-wordpress\/ -->\n<title>ADDENDA DE SERVICIOS PROFESIONALES - SEON ES<\/title>\n<meta name=\"robots\" content=\"index, follow, max-snippet:-1, max-image-preview:large, max-video-preview:-1\" \/>\n<link rel=\"canonical\" href=\"https:\/\/seon.io\/es\/addenda-de-servicios-profesionales\/\" \/>\n<meta property=\"og:locale\" content=\"es_ES\" \/>\n<meta property=\"og:type\" content=\"article\" \/>\n<meta property=\"og:title\" content=\"ADDENDA DE SERVICIOS PROFESIONALES\" \/>\n<meta property=\"og:description\" content=\"ADDENDA DE SERVICIOS PROFESIONALES El Cliente seguir\u00e1 siendo responsable de garantizar que cualquier dato proporcionado a SEON para el prop\u00f3sito de los Servicios Profesionales cumpla con el Acuerdo de Tratamiento de Datos de las partes y con todas las leyes y regulaciones de protecci\u00f3n de datos aplicables.\" \/>\n<meta property=\"og:url\" content=\"https:\/\/seon.io\/es\/addenda-de-servicios-profesionales\/\" \/>\n<meta property=\"og:site_name\" content=\"SEON ES\" \/>\n<meta property=\"article:modified_time\" content=\"2026-02-06T11:34:52+00:00\" \/>\n<meta name=\"twitter:card\" content=\"summary_large_image\" \/>\n<meta name=\"twitter:label1\" content=\"Tiempo de lectura\" \/>\n\t<meta name=\"twitter:data1\" content=\"5 minutos\" \/>\n<!-- \/ Yoast SEO Premium plugin. -->","yoast_head_json":{"title":"ADDENDA DE SERVICIOS PROFESIONALES - SEON ES","robots":{"index":"index","follow":"follow","max-snippet":"max-snippet:-1","max-image-preview":"max-image-preview:large","max-video-preview":"max-video-preview:-1"},"canonical":"https:\/\/seon.io\/es\/addenda-de-servicios-profesionales\/","og_locale":"es_ES","og_type":"article","og_title":"ADDENDA DE SERVICIOS PROFESIONALES","og_description":"ADDENDA DE SERVICIOS PROFESIONALES El Cliente seguir\u00e1 siendo responsable de garantizar que cualquier dato proporcionado a SEON para el prop\u00f3sito de los Servicios Profesionales cumpla con el Acuerdo de Tratamiento de Datos de las partes y con todas las leyes y regulaciones de protecci\u00f3n de datos aplicables.","og_url":"https:\/\/seon.io\/es\/addenda-de-servicios-profesionales\/","og_site_name":"SEON ES","article_modified_time":"2026-02-06T11:34:52+00:00","twitter_card":"summary_large_image","twitter_misc":{"Tiempo de lectura":"5 minutos"},"schema":{"@context":"https:\/\/schema.org","@graph":[{"@type":"WebPage","@id":"https:\/\/seon.io\/es\/addenda-de-servicios-profesionales\/","url":"https:\/\/seon.io\/es\/addenda-de-servicios-profesionales\/","name":"ADDENDA DE SERVICIOS PROFESIONALES - SEON ES","isPartOf":{"@id":"https:\/\/seon.io\/es\/#website"},"datePublished":"2026-02-06T11:34:51+00:00","dateModified":"2026-02-06T11:34:52+00:00","breadcrumb":{"@id":"https:\/\/seon.io\/es\/addenda-de-servicios-profesionales\/#breadcrumb"},"inLanguage":"es","potentialAction":[{"@type":"ReadAction","target":["https:\/\/seon.io\/es\/addenda-de-servicios-profesionales\/"]}]},{"@type":"BreadcrumbList","@id":"https:\/\/seon.io\/es\/addenda-de-servicios-profesionales\/#breadcrumb","itemListElement":[{"@type":"ListItem","position":1,"name":"Home","item":"https:\/\/seon.io\/es\/"},{"@type":"ListItem","position":2,"name":"ADDENDA DE SERVICIOS PROFESIONALES"}]},{"@type":"WebSite","@id":"https:\/\/seon.io\/es\/#website","url":"https:\/\/seon.io\/es\/","name":"SEON ES","description":"","publisher":{"@id":"https:\/\/seon.io\/es\/#organization"},"potentialAction":[{"@type":"SearchAction","target":{"@type":"EntryPoint","urlTemplate":"https:\/\/seon.io\/es\/?s={search_term_string}"},"query-input":{"@type":"PropertyValueSpecification","valueRequired":true,"valueName":"search_term_string"}}],"inLanguage":"es"},{"@type":"Organization","@id":"https:\/\/seon.io\/es\/#organization","name":"SEON ES","url":"https:\/\/seon.io\/es\/","logo":{"@type":"ImageObject","inLanguage":"es","@id":"https:\/\/seon.io\/es\/#\/schema\/logo\/image\/","url":"https:\/\/seon.io\/es\/wp-content\/uploads\/sites\/2\/2024\/09\/logo.svg","contentUrl":"https:\/\/seon.io\/es\/wp-content\/uploads\/sites\/2\/2024\/09\/logo.svg","width":94,"height":32,"caption":"SEON ES"},"image":{"@id":"https:\/\/seon.io\/es\/#\/schema\/logo\/image\/"}}]}},"_links":{"self":[{"href":"https:\/\/seon.io\/es\/wp-json\/wp\/v2\/pages\/76664","targetHints":{"allow":["GET"]}}],"collection":[{"href":"https:\/\/seon.io\/es\/wp-json\/wp\/v2\/pages"}],"about":[{"href":"https:\/\/seon.io\/es\/wp-json\/wp\/v2\/types\/page"}],"author":[{"embeddable":true,"href":"https:\/\/seon.io\/es\/wp-json\/wp\/v2\/users\/100"}],"replies":[{"embeddable":true,"href":"https:\/\/seon.io\/es\/wp-json\/wp\/v2\/comments?post=76664"}],"version-history":[{"count":0,"href":"https:\/\/seon.io\/es\/wp-json\/wp\/v2\/pages\/76664\/revisions"}],"wp:attachment":[{"href":"https:\/\/seon.io\/es\/wp-json\/wp\/v2\/media?parent=76664"}],"curies":[{"name":"wp","href":"https:\/\/api.w.org\/{rel}","templated":true}]}}